{"id":1238,"date":"2025-01-20T13:37:24","date_gmt":"2025-01-20T12:37:24","guid":{"rendered":"https:\/\/adrunna.com\/aviso-legal-politica-de-privacidad\/"},"modified":"2025-02-17T12:23:17","modified_gmt":"2025-02-17T11:23:17","slug":"aviso-legal-politica-de-privacidad","status":"publish","type":"page","link":"https:\/\/adrunna.com\/es\/aviso-legal-politica-de-privacidad\/","title":{"rendered":"Aviso Legal &amp; Pol\u00edtica de privacidad"},"content":{"rendered":"\n<p style=\"padding-top:var(--wp--preset--spacing--80)\"><strong>Proprietario del sitio web:<\/strong><br\/>Dennis Westburg<\/p>\n\n<p><strong>Forma Legal:<\/strong><br\/>Aut\u00f3nomo registrado en Espa\u00f1a<\/p>\n\n<p><strong>Direcci\u00f3n:<\/strong><br\/>Lugar Galo 15<br\/>15144 Arteixo<br\/>Espa\u00f1a<\/p>\n\n<p><strong>Correo electr\u00f3nico:<\/strong><br\/>hello[at]adrunna.com<\/p>\n\n<p><strong>Tel:<\/strong><br\/><a href=\"tel:#\">+34 635 733 165<\/a><br\/><a href=\"tel:#\">+49 30 46 77 55 66<\/a><\/p>\n\n<p><strong>N\u00famero de Identificaci\u00f3n Fiscal (NIF):<\/strong><br\/>ESY1088693W<\/p>\n\n<p><strong>Responsable del contenido:<\/strong><br\/>Dennis Westburg<\/p>\n\n<p><strong>Condiciones de uso:<\/strong><br\/>Al acceder y utilizar este sitio web, aceptas cumplir las condiciones aqu\u00ed expuestas. Queda prohibido cualquier uso no autorizado del contenido de este sitio. <\/p>\n\n<p><strong>Propiedad intelectual:<\/strong><br\/>Todo el contenido de este sitio web, incluidos, entre otros, textos, im\u00e1genes, gr\u00e1ficos y logotipos, es propiedad intelectual de AdRunna o de sus licenciantes y est\u00e1 protegido por las leyes de propiedad intelectual aplicables. Cualquier uso, reproducci\u00f3n o distribuci\u00f3n no autorizados est\u00e1n estrictamente prohibidos. <\/p>\n\n<p><strong>Descargo de responsabilidad:<\/strong><br\/>AdRunna hace todo lo posible por garantizar la exactitud y actualidad de la informaci\u00f3n de este sitio web. Sin embargo, no asumimos ninguna responsabilidad por errores, omisiones o informaci\u00f3n obsoleta. Los enlaces externos proporcionados en este sitio no est\u00e1n bajo nuestro control, y no somos responsables de su contenido.  <\/p>\n\n<p><strong>Enlaces externos:<\/strong><br\/>Los enlaces a sitios web de terceros se proporcionan \u00fanicamente para comodidad del usuario. AdRunna no es responsable del contenido ni de las pr\u00e1cticas de privacidad de estos sitios externos. <\/p>\n\n<hr class=\"wp-block-separator has-alpha-channel-opacity\"\/>\n\n<h3 class=\"wp-block-heading\">Pol\u00edtica de Privacidad<\/h3>\n\n<p><strong>1. Responsable del tratamiento:<\/strong><br\/>AdRunna<br\/>Lugar Galo 15<br\/>15144 Arteixo<br\/>Espa\u00f1a<br\/>Email: hola[at]adrunna.com<\/p>\n\n<p><strong>2. Finalidad de la recogida de datos:<\/strong><br\/>Recogemos y tratamos los datos personales \u00fanicamente con la finalidad de:<\/p>\n\n<ul class=\"wp-block-list\">\n<li>Realizaci\u00f3n de campa\u00f1as publicitarias espec\u00edficas.<\/li>\n\n\n\n<li>Supervisar el tr\u00e1fico y el rendimiento del sitio web a trav\u00e9s de Google Tag Manager.<\/li>\n\n\n\n<li>Permitir a los usuarios comentar las publicaciones del blog.<\/li>\n<\/ul>\n\n<p><strong>3. Base legal para el procesamiento de datos:<\/strong><br\/>El procesamiento de datos se lleva a cabo bas\u00e1ndose en tu consentimiento (Art\u00edculo 6.1(a) GDPR) o con fines de intereses leg\u00edtimos (Art\u00edculo 6.1(f) GDPR) para mejorar nuestros servicios.<\/p>\n\n<p><strong>4. Datos recogidos:<\/strong><\/p>\n\n<ul class=\"wp-block-list\">\n<li>Informaci\u00f3n de contacto (si los usuarios la facilitan voluntariamente a trav\u00e9s de formularios o para crear una cuenta en el blog).<\/li>\n\n\n\n<li>Datos anal\u00edticos del sitio web (a trav\u00e9s de Google Tag Manager).<\/li>\n\n\n\n<li>Direcci\u00f3n de correo electr\u00f3nico y nombre de usuario para crear cuentas para comentar las entradas del blog.<\/li>\n<\/ul>\n\n<p><strong>5. Pol\u00edtica de comentarios en el blog:<\/strong><br\/>Valoramos las contribuciones constructivas y respetuosas a nuestro blog. Los comentarios que contengan lenguaje ofensivo, spam o contenido irrelevante no ser\u00e1n aprobados. Los datos personales (por ejemplo, direcciones de correo electr\u00f3nico y nombres de usuario) recogidos durante la creaci\u00f3n de la cuenta para comentar s\u00f3lo se utilizar\u00e1n con fines de moderaci\u00f3n y comunicaci\u00f3n relacionados con el blog.  <\/p>\n\n<p><strong>6. Servicios de Terceros:<\/strong><br\/>Utilizamos los siguientes servicios de terceros que pueden recoger datos sobre los usuarios de nuestro sitio web para mejorar el rendimiento del mismo y optimizar nuestras estrategias de marketing. Cada uno de estos servicios procesa los datos de acuerdo con sus propias pol\u00edticas de privacidad: <\/p>\n\n<ul class=\"wp-block-list\">\n<li><strong>Google Search Console<\/strong>: Nos ayuda a monitorear y analizar el rendimiento de nuestro sitio web en los resultados de b\u00fasqueda de Google. Recoge datos relacionados con las consultas de b\u00fasqueda, el tr\u00e1fico web y las interacciones de los usuarios con los resultados de b\u00fasqueda. Google procesa estos datos de acuerdo con su <a href=\"https:\/\/policies.google.com\/privacy?hl=es\">Pol\u00edtica de Privacidad<\/a>.  <\/li>\n\n\n\n<li><strong>Bing Search Console<\/strong>: Al igual que Google Search Console, Bing Search Console nos permite rastrear y analizar la visibilidad de nuestro sitio web en la b\u00fasqueda de Bing. Recoge datos de rendimiento como consultas de b\u00fasqueda, impresiones y clics. Microsoft procesa estos datos de acuerdo con su Pol\u00edtica de <a href=\"https:\/\/www.microsoft.com\/es-es\/privacy\/privacystatement\">Pol\u00edtica de Privacidad<\/a>.  <\/li>\n\n\n\n<li><strong>Microsoft Clarity<\/strong>: Es una herramienta de an\u00e1lisis de comportamiento de usuarios que nos ayuda a entender c\u00f3mo los visitantes interact\u00faan con nuestro sitio web. Registra interacciones como clics, desplazamientos y navegaci\u00f3n, lo que nos permite mejorar la experiencia de usuario. Los datos recogidos a trav\u00e9s de Clarity son procesados de acuerdo con la <a href=\"https:\/\/www.microsoft.com\/es-es\/privacy\/privacystatement\">Pol\u00edtica de Privacidad de Microsoft<\/a>.  <\/li>\n\n\n\n<li><strong>Google Tag Manager<\/strong>: Se utiliza para gestionar y desplegar etiquetas de marketing (como anal\u00edticas, publicidad y seguimiento) en nuestro sitio web. Facilita la implementaci\u00f3n de servicios como Google Analytics y Microsoft Clarity sin necesidad de modificar el c\u00f3digo del sitio web. Los datos recogidos a trav\u00e9s de Google Tag Manager se procesan de acuerdo con la <a href=\"https:\/\/policies.google.com\/privacy?hl=es\">Pol\u00edtica de Privacidad de Google<\/a>.  <\/li>\n\n\n\n<li><strong>Google Analytics<\/strong>: Google Analytics se utiliza para analizar el tr\u00e1fico web y el comportamiento de los usuarios. Este servicio nos permite comprender c\u00f3mo los usuarios encuentran y utilizan nuestro sitio, ayud\u00e1ndonos a mejorar el contenido y la experiencia del usuario. Google procesa estos datos de acuerdo con su <a href=\"https:\/\/policies.google.com\/privacy?hl=es\">Pol\u00edtica de Privacidad<\/a>.  <\/li>\n<\/ul>\n\n<p>Estos servicios recogen datos mediante cookies y otras tecnolog\u00edas de seguimiento. La informaci\u00f3n recogida se utiliza para mejorar nuestros servicios, optimizar la experiencia de usuario y mejorar nuestras estrategias de marketing online. <\/p>\n\n<p>Al utilizar nuestro sitio web, usted consiente el procesamiento de sus datos por estos servicios de terceros seg\u00fan lo descrito anteriormente.<\/p>\n\n<p><strong>7. Procesamiento de Datos:<\/strong><br\/>Utilizamos varios servicios de terceros para mejorar nuestro sitio web y nuestras estrategias de marketing. Estos servicios pueden procesar datos en nuestro nombre, y nos aseguramos de que cumplan con las regulaciones de protecci\u00f3n de datos aplicables. Los siguientes servicios de terceros pueden procesar datos personales:  <\/p>\n\n<ul class=\"wp-block-list\">\n<li><strong>Google Search Console<\/strong>: Google Search Console nos ayuda a monitorear y analizar el rendimiento de nuestro sitio web en los resultados de b\u00fasqueda de Google. Recoge datos relacionados con las consultas de b\u00fasqueda, el tr\u00e1fico web y las interacciones de los usuarios con los resultados de b\u00fasqueda. Google procesa estos datos de acuerdo con su <a href=\"https:\/\/policies.google.com\/privacy?hl=es\">Pol\u00edtica de Privacidad<\/a>.  <\/li>\n\n\n\n<li><strong>Bing Search Console<\/strong>: Al igual que Google Search Console, Bing Search Console nos ayuda a rastrear y analizar la visibilidad de nuestro sitio web en la b\u00fasqueda de Bing. Recoge datos de rendimiento como consultas de b\u00fasqueda, impresiones y clics. Microsoft procesa estos datos de acuerdo con su <a href=\"https:\/\/www.microsoft.com\/es-es\/privacy\/privacystatement\">Pol\u00edtica de Privacidad<\/a>.  <\/li>\n\n\n\n<li><strong>Microsoft Clarity<\/strong>: Microsoft Clarity es una herramienta de an\u00e1lisis de comportamiento de usuarios que nos ayuda a entender c\u00f3mo los visitantes interact\u00faan con nuestro sitio web. Registra interacciones de los usuarios como clics, desplazamientos y navegaci\u00f3n por las p\u00e1ginas, lo que nos ayuda a mejorar la experiencia de usuario de nuestro sitio web. Los datos recogidos a trav\u00e9s de Clarity son procesados de acuerdo con la <a href=\"https:\/\/www.microsoft.com\/es-es\/privacy\/privacystatement\">Pol\u00edtica de Privacidad de Microsoft<\/a>.  <\/li>\n\n\n\n<li><strong>Google Tag Manager<\/strong>: Google Tag Manager se utiliza para gestionar y desplegar etiquetas de marketing (por ejemplo, anal\u00edticas, publicidad y seguimiento) en nuestro sitio web. Facilita la implementaci\u00f3n de diversos servicios, como Google Analytics y Microsoft Clarity, sin necesidad de modificar manualmente el c\u00f3digo del sitio web. Los datos recogidos a trav\u00e9s de Google Tag Manager se procesan de acuerdo con la <a href=\"https:\/\/policies.google.com\/privacy?hl=es\">Pol\u00edtica de Privacidad de Google<\/a>.  <\/li>\n\n\n\n<li><strong>Google Analytics<\/strong>: Google Analytics se utilizar\u00e1 para analizar el tr\u00e1fico del sitio web y el comportamiento de los usuarios. Nos ayuda a comprender c\u00f3mo los usuarios encuentran y utilizan nuestro sitio web, para que podamos tomar decisiones informadas sobre c\u00f3mo mejorar nuestro contenido y la experiencia del usuario. Google procesa estos datos de acuerdo con su <a href=\"https:\/\/policies.google.com\/privacy?hl=es\">Pol\u00edtica de Privacidad<\/a>.  <\/li>\n<\/ul>\n\n<p>Estos servicios recogen datos utilizando cookies y otras tecnolog\u00edas de seguimiento. Cualquier dato personal recogido se procesa con el fin de mejorar nuestros servicios, optimizar la experiencia de usuario y mejorar nuestras estrategias de marketing online. <\/p>\n\n<p>Al utilizar nuestro sitio web, usted consiente el procesamiento de sus datos por estos servicios de terceros de la manera descrita anteriormente.<\/p>\n\n<p><strong>8. Retenci\u00f3n de Datos:<\/strong><br\/>Retenemos los datos personales solo durante el tiempo necesario para los fines descritos anteriormente o seg\u00fan lo exija la ley.<\/p>\n\n<p><strong>9. Derechos del Usuario:<\/strong><br\/>Como usuario, tienes derecho a:<\/p>\n\n<ul class=\"wp-block-list\">\n<li>Acceder a tus datos personales.<\/li>\n\n\n\n<li>Solicitar la rectificaci\u00f3n o supresi\u00f3n de tus datos.<\/li>\n\n\n\n<li>Retirar el consentimiento para el tratamiento de datos en cualquier momento.<\/li>\n\n\n\n<li>Presenta una reclamaci\u00f3n ante una autoridad de protecci\u00f3n de datos.<\/li>\n<\/ul>\n\n<p>Para ejercer tus derechos, ponte en contacto con nosotros en hola[at]adrunna.com.<\/p>\n\n<p><strong>10. Cookies:<\/strong><br\/>Este sitio web utiliza cookies para mejorar la experiencia del usuario y analizar el tr\u00e1fico web. Puedes gestionar tus preferencias de cookies a trav\u00e9s de la configuraci\u00f3n de tu navegador.  Para m\u00e1s detalles, consulta nuestra p\u00e1gina [Cookie Policy].<\/p>\n\n<p><strong>11. Medidas de Seguridad:<\/strong><br\/>Implementamos medidas t\u00e9cnicas y organizativas adecuadas para proteger tus datos contra el acceso no autorizado, alteraci\u00f3n o divulgaci\u00f3n.<\/p>\n\n<p><strong>12. Enlaces Externos:<\/strong><br\/>Nuestro sitio web puede incluir enlaces a sitios web de terceros para tu conveniencia. No somos responsables de las pr\u00e1cticas de privacidad ni del contenido de estos sitios externos. <\/p>\n\n<p><strong>13. Cambios en Esta Pol\u00edtica:<\/strong><br\/>Nos reservamos el derecho de actualizar esta pol\u00edtica de privacidad cuando sea necesario para reflejar cambios en nuestras pr\u00e1cticas o en los requisitos legales. La \u00faltima versi\u00f3n estar\u00e1 siempre disponible en esta p\u00e1gina. <\/p>\n\n<p><\/p>\n\n<p><\/p>\n\n<p><\/p>\n","protected":false},"excerpt":{"rendered":"<p>Proprietario del sitio web:Dennis Westburg Forma Legal:Aut\u00f3nomo registrado en Espa\u00f1a Direcci\u00f3n:Lugar Galo 1515144 ArteixoEspa\u00f1a Correo electr\u00f3nico:hello[at]adrunna.com Tel:+34 635 733 165+49 30 46 77 55 66 N\u00famero de Identificaci\u00f3n Fiscal (NIF):ESY1088693W Responsable del contenido:Dennis Westburg Condiciones de uso:Al acceder y utilizar este sitio web, aceptas cumplir las condiciones aqu\u00ed expuestas. Queda prohibido cualquier uso no autorizado [&hellip;]<\/p>\n","protected":false},"author":2,"featured_media":0,"parent":0,"menu_order":0,"comment_status":"closed","ping_status":"closed","template":"","meta":{"footnotes":""},"class_list":["post-1238","page","type-page","status-publish","hentry"],"aioseo_notices":[],"_links":{"self":[{"href":"https:\/\/adrunna.com\/es\/wp-json\/wp\/v2\/pages\/1238","targetHints":{"allow":["GET"]}}],"collection":[{"href":"https:\/\/adrunna.com\/es\/wp-json\/wp\/v2\/pages"}],"about":[{"href":"https:\/\/adrunna.com\/es\/wp-json\/wp\/v2\/types\/page"}],"author":[{"embeddable":true,"href":"https:\/\/adrunna.com\/es\/wp-json\/wp\/v2\/users\/2"}],"replies":[{"embeddable":true,"href":"https:\/\/adrunna.com\/es\/wp-json\/wp\/v2\/comments?post=1238"}],"version-history":[{"count":5,"href":"https:\/\/adrunna.com\/es\/wp-json\/wp\/v2\/pages\/1238\/revisions"}],"predecessor-version":[{"id":1500,"href":"https:\/\/adrunna.com\/es\/wp-json\/wp\/v2\/pages\/1238\/revisions\/1500"}],"wp:attachment":[{"href":"https:\/\/adrunna.com\/es\/wp-json\/wp\/v2\/media?parent=1238"}],"curies":[{"name":"wp","href":"https:\/\/api.w.org\/{rel}","templated":true}]}}