{"id":1298,"date":"2024-10-30T11:31:37","date_gmt":"2024-10-30T10:31:37","guid":{"rendered":"https:\/\/adrunna.com\/nosotros\/"},"modified":"2025-02-13T23:53:57","modified_gmt":"2025-02-13T22:53:57","slug":"nosotros","status":"publish","type":"page","link":"https:\/\/adrunna.com\/es\/nosotros\/","title":{"rendered":"Nosotros"},"content":{"rendered":"\n<div class=\"wp-block-cover alignfull\" style=\"padding-top:2%;min-height:30rem;aspect-ratio:unset;\"><span aria-hidden=\"true\" class=\"wp-block-cover__background has-custom-dark-navy-background-color has-background-dim-90 has-background-dim\"><\/span><img loading=\"lazy\" decoding=\"async\" width=\"2560\" height=\"1920\" class=\"wp-block-cover__image-background wp-image-519\" alt=\"\" src=\"https:\/\/adrunna.com\/wp-content\/uploads\/2024\/11\/austin-distel-wD1LRb9OeEo-unsplash-scaled.jpg\" data-object-fit=\"cover\" srcset=\"https:\/\/adrunna.com\/wp-content\/uploads\/2024\/11\/austin-distel-wD1LRb9OeEo-unsplash-scaled.jpg 2560w, https:\/\/adrunna.com\/wp-content\/uploads\/2024\/11\/austin-distel-wD1LRb9OeEo-unsplash-300x225.jpg 300w, https:\/\/adrunna.com\/wp-content\/uploads\/2024\/11\/austin-distel-wD1LRb9OeEo-unsplash-1024x768.jpg 1024w, https:\/\/adrunna.com\/wp-content\/uploads\/2024\/11\/austin-distel-wD1LRb9OeEo-unsplash-768x576.jpg 768w, https:\/\/adrunna.com\/wp-content\/uploads\/2024\/11\/austin-distel-wD1LRb9OeEo-unsplash-1536x1152.jpg 1536w, https:\/\/adrunna.com\/wp-content\/uploads\/2024\/11\/austin-distel-wD1LRb9OeEo-unsplash-2048x1536.jpg 2048w\" sizes=\"auto, (max-width: 2560px) 100vw, 2560px\" \/><div class=\"wp-block-cover__inner-container has-global-padding is-layout-constrained wp-container-core-cover-is-layout-ee51f2d2 wp-block-cover-is-layout-constrained\">\n<div class=\"wp-block-group alignwide is-vertical is-content-justification-center is-layout-flex wp-container-core-group-is-layout-5e763914 wp-block-group-is-layout-flex\" style=\"min-height:8rem\">\n<div class=\"wp-block-group has-global-padding is-layout-constrained wp-container-core-group-is-layout-bea02a06 wp-block-group-is-layout-constrained\">\n<h1 class=\"wp-block-heading has-text-align-center has-custom-soft-white-color has-text-color\" style=\"margin-top:0rem;margin-right:0;margin-bottom:1.01rem;margin-left:0;font-style:normal;font-weight:700;line-height:1;text-transform:capitalize\">Entonces,<br\/><mark style=\"background-color:rgba(0, 0, 0, 0)\" class=\"has-inline-color has-custom-warm-coral-color\">qui\u00e9nes somos?<\/mark><\/h1>\n<\/div>\n<\/div>\n<\/div><\/div>\n\n<div class=\"wp-block-group has-global-padding is-layout-constrained wp-container-core-group-is-layout-97829e9f wp-block-group-is-layout-constrained\" style=\"padding-right:var(--wp--preset--spacing--40);padding-left:var(--wp--preset--spacing--40)\">\n<blockquote class=\"wp-block-quote is-layout-flow wp-block-quote-is-layout-flow\" style=\"margin-top:var(--wp--preset--spacing--80);margin-right:0;margin-bottom:var(--wp--preset--spacing--80);margin-left:0;padding-right:var(--wp--preset--spacing--60);padding-left:var(--wp--preset--spacing--60)\">\n<p class=\"has-montserrat-font-family\" style=\"margin-top:0;margin-right:0;margin-bottom:0;margin-left:0;padding-right:0;padding-left:0;font-size:clamp(1.039rem, 1.039rem + ((1vw - 0.2rem) * 1.02), 1.6rem);\"><em>El buen marketing nace de la pasi\u00f3n: ya sea tradicional o digital, el coraz\u00f3n detr\u00e1s de \u00e9l siempre debe ser el mismo.<\/em><\/p>\n\n\n\n<p class=\"has-text-align-center\" style=\"font-size:0.8rem\">dennis westburg<\/p>\n<\/blockquote>\n<\/div>\n\n<section class=\"wp-block-group alignfull has-text-color has-background has-global-padding is-layout-constrained wp-container-core-group-is-layout-38ad39fd wp-block-group-is-layout-constrained\" style=\"color:#03081e;background-color:#eff9ff;margin-top:0px;padding-top:5.01rem;padding-right:1rem;padding-bottom:5.5rem;padding-left:1rem;font-size:clamp(0.875rem, 0.875rem + ((1vw - 0.2rem) * 0.464), 1.13rem);font-style:normal;font-weight:400;line-height:1.4\">\n<div class=\"wp-block-columns is-layout-flex wp-container-core-columns-is-layout-7e863853 wp-block-columns-is-layout-flex\" style=\"margin-bottom:0px;padding-bottom:var(--wp--preset--spacing--20)\">\n<div class=\"wp-block-column is-layout-flow wp-block-column-is-layout-flow\" style=\"padding-right:var(--wp--preset--spacing--50);padding-left:var(--wp--preset--spacing--50);flex-basis:45%\">\n<figure class=\"wp-block-image aligncenter size-full is-resized has-custom-border\"><img loading=\"lazy\" decoding=\"async\" width=\"450\" height=\"671\" src=\"https:\/\/adrunna.com\/wp-content\/uploads\/2025\/01\/about-adrunna-image-1.webp\" alt=\"\" class=\"wp-image-1084\" style=\"border-radius:20px;width:446px\" srcset=\"https:\/\/adrunna.com\/wp-content\/uploads\/2025\/01\/about-adrunna-image-1.webp 450w, https:\/\/adrunna.com\/wp-content\/uploads\/2025\/01\/about-adrunna-image-1-201x300.webp 201w\" sizes=\"auto, (max-width: 450px) 100vw, 450px\" \/><\/figure>\n<\/div>\n\n\n\n<div class=\"wp-block-column is-layout-flow wp-block-column-is-layout-flow\">\n<div class=\"wp-block-group is-vertical is-content-justification-left is-layout-flex wp-container-core-group-is-layout-16b767e8 wp-block-group-is-layout-flex\" style=\"min-height:100%\">\n<div class=\"wp-block-group is-layout-flow wp-block-group-is-layout-flow\" style=\"padding-right:var(--wp--preset--spacing--50);padding-left:var(--wp--preset--spacing--50)\">\n<h3 class=\"wp-block-heading has-text-align-left has-custom-dark-navy-color has-text-color\" style=\"margin-top:0rem;margin-bottom:0rem;font-size:clamp(1.556rem, 1.556rem + ((1vw - 0.2rem) * 1.916), 2.61rem);font-style:normal;font-weight:500;letter-spacing:0px;line-height:1.3;text-transform:capitalize\">Nuestra Historia<\/h3>\n\n\n\n<p class=\"has-medium-font-size\"><strong>Sobre AdRunna<\/strong><br\/>En AdRunna, no estamos aqu\u00ed solo para gestionar anuncios, sino para impulsar el crecimiento. Grande, audaz y medible. Nos especializamos en marketing digital orientado al rendimiento, que aumenta la visibilidad, mejora el retorno de inversi\u00f3n y maximiza el crecimiento.  <br\/><br\/><strong>Nuestra historia<\/strong><br\/>Somos el equipo de esposos detr\u00e1s de AdRunna, con m\u00e1s de 20 a\u00f1os de experiencia combinada en marketing tradicional y digital. En 2020, nos mudamos a Espa\u00f1a para perseguir metas personales y aprovechar nuevas oportunidades. <br\/><br\/>Aunque tomamos esta decisi\u00f3n para enfocarnos en nuestro crecimiento personal, nuestra pasi\u00f3n por la publicidad sigue siendo inquebrantable. Para nosotros, la publicidad no es solo una profesi\u00f3n, es una vocaci\u00f3n. Por eso, elegimos trabajar \u00fanicamente con empresas en las que creemos, ofreciendo nuestra experiencia para ayudarlas a alcanzar sus objetivos, tener \u00e9xito y escalar.  <\/p>\n<\/div>\n<\/div>\n<\/div>\n<\/div>\n\n\n\n<div class=\"wp-block-columns is-layout-flex wp-container-core-columns-is-layout-743cd6af wp-block-columns-is-layout-flex\" style=\"margin-bottom:0px;padding-top:var(--wp--preset--spacing--20)\">\n<div class=\"wp-block-column is-layout-flow wp-block-column-is-layout-flow\">\n<div class=\"wp-block-group is-vertical is-content-justification-left is-layout-flex wp-container-core-group-is-layout-16b767e8 wp-block-group-is-layout-flex\" style=\"min-height:100%\">\n<div class=\"wp-block-group is-layout-flow wp-block-group-is-layout-flow\" style=\"padding-right:var(--wp--preset--spacing--50);padding-left:var(--wp--preset--spacing--50)\">\n<p class=\"has-medium-font-size\" style=\"padding-top:9rem\">En AdRunna nos enorgullece ofrecer un servicio altamente valioso. No trabajamos con todos: nos enfocamos en un n\u00famero selecto de clientes visionarios que comparten nuestro compromiso con la excelencia. Esta exclusividad intencional garantiza que cada colaboraci\u00f3n reciba toda nuestra atenci\u00f3n, conocimientos y dedicaci\u00f3n.  <br\/><br\/>Nuestro servicio va m\u00e1s all\u00e1 de ejecutar campa\u00f1as: desarrollamos estrategias que transforman negocios. Con nosotros, obtendr\u00e1s campa\u00f1as personalizadas y basadas en datos, dise\u00f1adas para ofrecer resultados medibles que hablan por s\u00ed mismos. <br\/><br\/>Creemos en hacer que cada colaboraci\u00f3n sea significativa, impactante y exitosa. <br\/><br\/>En AdRunna, tu crecimiento es nuestra pasi\u00f3n.<\/p>\n<\/div>\n<\/div>\n<\/div>\n\n\n\n<div class=\"wp-block-column is-layout-flow wp-block-column-is-layout-flow\" style=\"padding-right:var(--wp--preset--spacing--50);padding-left:var(--wp--preset--spacing--50);flex-basis:45%\">\n<figure class=\"wp-block-image aligncenter size-full is-resized has-custom-border\" style=\"margin-top:6rem\"><img loading=\"lazy\" decoding=\"async\" width=\"450\" height=\"671\" src=\"https:\/\/adrunna.com\/wp-content\/uploads\/2025\/01\/about-adrunna-image-2.webp\" alt=\"\" class=\"wp-image-1086\" style=\"border-radius:20px;width:446px\" srcset=\"https:\/\/adrunna.com\/wp-content\/uploads\/2025\/01\/about-adrunna-image-2.webp 450w, https:\/\/adrunna.com\/wp-content\/uploads\/2025\/01\/about-adrunna-image-2-201x300.webp 201w\" sizes=\"auto, (max-width: 450px) 100vw, 450px\" \/><\/figure>\n<\/div>\n<\/div>\n<\/section>\n\n<section class=\"wp-block-cover alignfull\" style=\"margin-top:0px;padding-bottom:12.51rem;min-height:650px;aspect-ratio:unset;\"><span aria-hidden=\"true\" class=\"wp-block-cover__background has-custom-dark-navy-background-color has-background-dim-90 has-background-dim\"><\/span><img decoding=\"async\" class=\"wp-block-cover__image-background wp-image-340\" alt=\"\" src=\"https:\/\/adrunna.com\/wp-content\/uploads\/2024\/11\/annie-spratt-goholCAVTRs-unsplash.jpg\" data-object-fit=\"cover\"\/><div class=\"wp-block-cover__inner-container has-global-padding is-layout-constrained wp-container-core-cover-is-layout-19e6744e wp-block-cover-is-layout-constrained\">\n<div class=\"wp-block-group alignfull has-text-color has-global-padding is-layout-constrained wp-container-core-group-is-layout-6f61d7e7 wp-block-group-is-layout-constrained\" style=\"color:#252525;margin-top:0px;padding-top:0rem;padding-right:1rem;padding-bottom:0rem;padding-left:1rem;font-size:clamp(0.875rem, 0.875rem + ((1vw - 0.2rem) * 0.464), 1.13rem);font-style:normal;font-weight:400;line-height:1.4\">\n<div class=\"wp-block-group is-vertical is-content-justification-center is-layout-flex wp-container-core-group-is-layout-b6c1f246 wp-block-group-is-layout-flex\">\n<div class=\"wp-block-group is-layout-flow wp-block-group-is-layout-flow\" style=\"min-height:730px;padding-top:var(--wp--preset--spacing--80)\">\n<h2 class=\"wp-block-heading has-text-align-center has-custom-soft-white-color has-text-color\" style=\"margin-bottom:1.11rem;font-style:normal;font-weight:500;line-height:1.2;text-transform:capitalize\">Cont\u00e1ctanos<\/h2>\n\n\n\n<p class=\"has-text-align-center has-custom-soft-white-color has-text-color has-medium-font-size\" style=\"margin-top:0rem;font-style:normal;font-weight:400;line-height:1.6\">Ahora que ya sabes qui\u00e9nes somos,<br\/>nos encantar\u00eda saber m\u00e1s sobre ti&#8230;<\/p>\n\n\n\n<div class=\"wp-block-group has-medium-font-size is-vertical is-content-justification-center is-layout-flex wp-container-core-group-is-layout-e203876c wp-block-group-is-layout-flex\" style=\"margin-top:0rem;padding-right:0px;padding-left:0px\">\n<div class=\"wp-block-group has-global-padding is-content-justification-right is-layout-constrained wp-container-core-group-is-layout-add25a8d wp-block-group-is-layout-constrained\" style=\"margin-top:0px\">\n<div class=\"wp-block-buttons is-horizontal is-content-justification-center is-layout-flex wp-container-core-buttons-is-layout-5b6b182c wp-block-buttons-is-layout-flex\" style=\"margin-top:2.5rem\">\n<div class=\"wp-block-button has-custom-width wp-block-button__width-100 has-custom-font-size is-style-outline is-style-outline--1\" style=\"font-size:clamp(1.146rem, 1.146rem + ((1vw - 0.2rem) * 1.189), 1.8rem);font-style:normal;font-weight:400;line-height:1;text-transform:capitalize\"><a class=\"wp-block-button__link has-custom-soft-black-color has-custom-vibrant-yellow-background-color has-text-color has-background wp-element-button\" href=\"https:\/\/adrunna.com\/es\/contactanos\/\" style=\"border-style:none;border-width:0px;border-radius:1rem;padding-top:var(--wp--preset--spacing--60);padding-right:0.81rem;padding-bottom:var(--wp--preset--spacing--60);padding-left:0.81rem\">Hablemos<\/a><\/div>\n<\/div>\n<\/div>\n<\/div>\n<\/div>\n<\/div>\n<\/div>\n<\/div><\/section>\n","protected":false},"excerpt":{"rendered":"<p>El buen marketing nace de la pasi\u00f3n: ya sea tradicional o digital, el coraz\u00f3n detr\u00e1s de \u00e9l siempre debe ser el mismo. dennis westburg Nuestra Historia Sobre AdRunnaEn AdRunna, no estamos aqu\u00ed solo para gestionar anuncios, sino para impulsar el crecimiento. Grande, audaz y medible. Nos especializamos en marketing digital orientado al rendimiento, que aumenta [&hellip;]<\/p>\n","protected":false},"author":2,"featured_media":0,"parent":0,"menu_order":0,"comment_status":"closed","ping_status":"closed","template":"","meta":{"footnotes":""},"class_list":["post-1298","page","type-page","status-publish","hentry"],"aioseo_notices":[],"_links":{"self":[{"href":"https:\/\/adrunna.com\/es\/wp-json\/wp\/v2\/pages\/1298","targetHints":{"allow":["GET"]}}],"collection":[{"href":"https:\/\/adrunna.com\/es\/wp-json\/wp\/v2\/pages"}],"about":[{"href":"https:\/\/adrunna.com\/es\/wp-json\/wp\/v2\/types\/page"}],"author":[{"embeddable":true,"href":"https:\/\/adrunna.com\/es\/wp-json\/wp\/v2\/users\/2"}],"replies":[{"embeddable":true,"href":"https:\/\/adrunna.com\/es\/wp-json\/wp\/v2\/comments?post=1298"}],"version-history":[{"count":15,"href":"https:\/\/adrunna.com\/es\/wp-json\/wp\/v2\/pages\/1298\/revisions"}],"predecessor-version":[{"id":1454,"href":"https:\/\/adrunna.com\/es\/wp-json\/wp\/v2\/pages\/1298\/revisions\/1454"}],"wp:attachment":[{"href":"https:\/\/adrunna.com\/es\/wp-json\/wp\/v2\/media?parent=1298"}],"curies":[{"name":"wp","href":"https:\/\/api.w.org\/{rel}","templated":true}]}}