{"id":1371,"date":"2024-10-30T11:51:14","date_gmt":"2024-10-30T10:51:14","guid":{"rendered":"https:\/\/adrunna.com\/servicios-y-precios\/"},"modified":"2025-02-07T13:43:48","modified_gmt":"2025-02-07T12:43:48","slug":"servicios-y-precios","status":"publish","type":"page","link":"https:\/\/adrunna.com\/es\/servicios-y-precios\/","title":{"rendered":"Servicios y precios"},"content":{"rendered":"\n<div class=\"wp-block-cover alignfull\" style=\"padding-top:2%;min-height:30rem;aspect-ratio:unset;\"><span aria-hidden=\"true\" class=\"wp-block-cover__background has-custom-dark-navy-background-color has-background-dim-90 has-background-dim\"><\/span><img loading=\"lazy\" decoding=\"async\" width=\"1920\" height=\"1080\" class=\"wp-block-cover__image-background wp-image-1053\" alt=\"\" src=\"https:\/\/adrunna.com\/wp-content\/uploads\/2024\/11\/header-adrunna-marketing-services-pricing.webp\" data-object-fit=\"cover\" srcset=\"https:\/\/adrunna.com\/wp-content\/uploads\/2024\/11\/header-adrunna-marketing-services-pricing.webp 1920w, https:\/\/adrunna.com\/wp-content\/uploads\/2024\/11\/header-adrunna-marketing-services-pricing-300x169.webp 300w, https:\/\/adrunna.com\/wp-content\/uploads\/2024\/11\/header-adrunna-marketing-services-pricing-1024x576.webp 1024w, https:\/\/adrunna.com\/wp-content\/uploads\/2024\/11\/header-adrunna-marketing-services-pricing-768x432.webp 768w, https:\/\/adrunna.com\/wp-content\/uploads\/2024\/11\/header-adrunna-marketing-services-pricing-1536x864.webp 1536w\" sizes=\"auto, (max-width: 1920px) 100vw, 1920px\" \/><div class=\"wp-block-cover__inner-container has-global-padding is-layout-constrained wp-container-core-cover-is-layout-ee51f2d2 wp-block-cover-is-layout-constrained\">\n<div class=\"wp-block-group alignwide is-vertical is-content-justification-center is-layout-flex wp-container-core-group-is-layout-5e763914 wp-block-group-is-layout-flex\" style=\"min-height:8rem\">\n<div class=\"wp-block-group has-global-padding is-layout-constrained wp-container-core-group-is-layout-94a1a01e wp-block-group-is-layout-constrained\" style=\"padding-right:var(--wp--preset--spacing--50);padding-left:var(--wp--preset--spacing--50)\">\n<h1 class=\"wp-block-heading has-text-align-center has-custom-soft-white-color has-text-color\" style=\"margin-top:0rem;margin-right:0;margin-bottom:1.01rem;margin-left:0;font-style:normal;font-weight:700;line-height:1.1;text-transform:capitalize\">Est\u00e1s a un paso de<br\/><mark style=\"background-color:rgba(0, 0, 0, 0)\" class=\"has-inline-color has-custom-warm-coral-color\">Gennerar Nuevos Ingresos<\/mark><\/h1>\n<\/div>\n<\/div>\n<\/div><\/div>\n\n<section class=\"wp-block-group alignfull has-text-color has-global-padding is-layout-constrained wp-container-core-group-is-layout-4252d6ba wp-block-group-is-layout-constrained\" style=\"color:#03081e;margin-top:0px;padding-top:6.51rem;padding-right:1rem;padding-bottom:5.5rem;padding-left:1rem;font-size:clamp(0.875rem, 0.875rem + ((1vw - 0.2rem) * 0.464), 1.13rem);font-style:normal;font-weight:400;line-height:1.4\">\n<div class=\"wp-block-columns is-layout-flex wp-container-core-columns-is-layout-db2df21c wp-block-columns-is-layout-flex\" style=\"margin-bottom:0px\">\n<div class=\"wp-block-column has-global-padding is-content-justification-left is-layout-constrained wp-container-core-column-is-layout-36b27b6b wp-block-column-is-layout-constrained\" style=\"padding-right:var(--wp--preset--spacing--40);padding-left:var(--wp--preset--spacing--40);flex-basis:50%\">\n<figure class=\"wp-block-image aligncenter size-full is-resized has-custom-border\"><img loading=\"lazy\" decoding=\"async\" width=\"520\" height=\"520\" src=\"https:\/\/adrunna.com\/wp-content\/uploads\/2024\/11\/adrunna-services-search-engine-advertising.webp\" alt=\"\" class=\"wp-image-1056\" style=\"border-radius:20px;width:520px\" srcset=\"https:\/\/adrunna.com\/wp-content\/uploads\/2024\/11\/adrunna-services-search-engine-advertising.webp 520w, https:\/\/adrunna.com\/wp-content\/uploads\/2024\/11\/adrunna-services-search-engine-advertising-300x300.webp 300w, https:\/\/adrunna.com\/wp-content\/uploads\/2024\/11\/adrunna-services-search-engine-advertising-150x150.webp 150w\" sizes=\"auto, (max-width: 520px) 100vw, 520px\" \/><\/figure>\n<\/div>\n\n\n\n<div class=\"wp-block-column is-layout-flow wp-block-column-is-layout-flow\" style=\"padding-right:var(--wp--preset--spacing--40);padding-left:var(--wp--preset--spacing--40)\">\n<div class=\"wp-block-group is-vertical is-content-justification-left is-layout-flex wp-container-core-group-is-layout-c5d44cae wp-block-group-is-layout-flex\" style=\"min-height:100%\">\n<div class=\"wp-block-group has-global-padding is-content-justification-center is-layout-constrained wp-container-core-group-is-layout-b15c80d6 wp-block-group-is-layout-constrained\">\n<h3 class=\"wp-block-heading has-text-align-left has-custom-dark-navy-color has-text-color\" style=\"margin-top:0.5rem;margin-bottom:1.01rem;font-style:normal;font-weight:500;letter-spacing:0px;line-height:1.3;text-transform:capitalize\">Publicidad en Buscadores<\/h3>\n\n\n\n<p class=\"has-text-align-left has-custom-soft-black-color has-text-color has-medium-font-size\" style=\"margin-top:0rem;font-style:normal;font-weight:400;line-height:1.6\">Nuestro servicio de Publicidad en Buscadores est\u00e1 dise\u00f1ado para empresas de todos los tama\u00f1os. Creamos campa\u00f1as personalizadas que llegan a tus clientes ideales, asegurando que cada anuncio sea efectivo. Con nuestro enfoque basado en datos, maximizamos tu visibilidad y dirigimos tr\u00e1fico a tu sitio web, ayud\u00e1ndote a crecer y a lograr resultados medibles.  <\/p>\n<\/div>\n<\/div>\n<\/div>\n<\/div>\n<\/section>\n\n<section class=\"wp-block-group alignfull has-text-color has-global-padding is-layout-constrained wp-container-core-group-is-layout-b691706e wp-block-group-is-layout-constrained\" style=\"color:#03081e;margin-top:0px;padding-top:4.01rem;padding-right:1rem;padding-bottom:5.5rem;padding-left:1rem;font-size:clamp(0.875rem, 0.875rem + ((1vw - 0.2rem) * 0.464), 1.13rem);font-style:normal;font-weight:400;line-height:1.4\">\n<div class=\"wp-block-columns is-layout-flex wp-container-core-columns-is-layout-db2df21c wp-block-columns-is-layout-flex\" style=\"margin-bottom:0px\">\n<div class=\"wp-block-column is-layout-flow wp-block-column-is-layout-flow\" style=\"padding-right:var(--wp--preset--spacing--40);padding-left:var(--wp--preset--spacing--40)\">\n<div class=\"wp-block-group is-vertical is-content-justification-left is-layout-flex wp-container-core-group-is-layout-c5d44cae wp-block-group-is-layout-flex\" style=\"min-height:100%\">\n<div class=\"wp-block-group has-global-padding is-content-justification-center is-layout-constrained wp-container-core-group-is-layout-b15c80d6 wp-block-group-is-layout-constrained\">\n<h3 class=\"wp-block-heading has-text-align-left has-custom-dark-navy-color has-text-color has-link-color wp-elements-ed64c9807d2e7229b6cf8fee226f1e4e\" style=\"margin-top:0.5rem;margin-bottom:1.01rem;font-style:normal;font-weight:500;letter-spacing:0px;line-height:1.3;text-transform:capitalize\">Marketing de Resultados<\/h3>\n\n\n\n<p class=\"has-text-align-left has-custom-soft-black-color has-text-color has-medium-font-size\" style=\"margin-top:0rem;font-style:normal;font-weight:400;line-height:1.6\">Nuestro servicio de Marketing de Rendimiento se centra en maximizar tu retorno de inversi\u00f3n. Analizamos tus objetivos y dise\u00f1amos estrategias que generan resultados reales. A trav\u00e9s de un enfoque basado en datos, optimizamos cada campa\u00f1a para que obtengas el m\u00e1ximo valor de tu presupuesto. \u00a1D\u00e9janos ayudarte a hacer crecer tu negocio de manera eficiente!   <\/p>\n<\/div>\n<\/div>\n<\/div>\n\n\n\n<div class=\"wp-block-column has-global-padding is-content-justification-left is-layout-constrained wp-container-core-column-is-layout-36b27b6b wp-block-column-is-layout-constrained\" style=\"padding-right:var(--wp--preset--spacing--40);padding-left:var(--wp--preset--spacing--40);flex-basis:50%\">\n<figure class=\"wp-block-image aligncenter size-full is-resized has-custom-border\"><img loading=\"lazy\" decoding=\"async\" width=\"520\" height=\"520\" src=\"https:\/\/adrunna.com\/wp-content\/uploads\/2024\/11\/adrunna-image-services-performance-marketing.webp\" alt=\"\" class=\"wp-image-1057\" style=\"border-radius:20px;width:520px\" srcset=\"https:\/\/adrunna.com\/wp-content\/uploads\/2024\/11\/adrunna-image-services-performance-marketing.webp 520w, https:\/\/adrunna.com\/wp-content\/uploads\/2024\/11\/adrunna-image-services-performance-marketing-300x300.webp 300w, https:\/\/adrunna.com\/wp-content\/uploads\/2024\/11\/adrunna-image-services-performance-marketing-150x150.webp 150w\" sizes=\"auto, (max-width: 520px) 100vw, 520px\" \/><\/figure>\n<\/div>\n<\/div>\n<\/section>\n\n<section class=\"wp-block-group alignfull has-text-color has-global-padding is-layout-constrained wp-container-core-group-is-layout-b691706e wp-block-group-is-layout-constrained\" style=\"color:#03081e;margin-top:0px;padding-top:4.01rem;padding-right:1rem;padding-bottom:5.5rem;padding-left:1rem;font-size:clamp(0.875rem, 0.875rem + ((1vw - 0.2rem) * 0.464), 1.13rem);font-style:normal;font-weight:400;line-height:1.4\">\n<div class=\"wp-block-columns is-layout-flex wp-container-core-columns-is-layout-db2df21c wp-block-columns-is-layout-flex\" style=\"margin-bottom:0px\">\n<div class=\"wp-block-column has-global-padding is-content-justification-left is-layout-constrained wp-container-core-column-is-layout-36b27b6b wp-block-column-is-layout-constrained\" style=\"padding-right:var(--wp--preset--spacing--40);padding-left:var(--wp--preset--spacing--40);flex-basis:50%\">\n<figure class=\"wp-block-image aligncenter size-full is-resized has-custom-border\"><img loading=\"lazy\" decoding=\"async\" width=\"520\" height=\"520\" src=\"https:\/\/adrunna.com\/wp-content\/uploads\/2024\/11\/adrunna-services-image-consulting.webp\" alt=\"\" class=\"wp-image-1059\" style=\"border-radius:20px;width:520px\" srcset=\"https:\/\/adrunna.com\/wp-content\/uploads\/2024\/11\/adrunna-services-image-consulting.webp 520w, https:\/\/adrunna.com\/wp-content\/uploads\/2024\/11\/adrunna-services-image-consulting-300x300.webp 300w, https:\/\/adrunna.com\/wp-content\/uploads\/2024\/11\/adrunna-services-image-consulting-150x150.webp 150w\" sizes=\"auto, (max-width: 520px) 100vw, 520px\" \/><\/figure>\n<\/div>\n\n\n\n<div class=\"wp-block-column is-layout-flow wp-block-column-is-layout-flow\" style=\"padding-right:var(--wp--preset--spacing--40);padding-left:var(--wp--preset--spacing--40)\">\n<div class=\"wp-block-group is-vertical is-content-justification-left is-layout-flex wp-container-core-group-is-layout-c5d44cae wp-block-group-is-layout-flex\" style=\"min-height:100%\">\n<div class=\"wp-block-group has-global-padding is-content-justification-center is-layout-constrained wp-container-core-group-is-layout-b15c80d6 wp-block-group-is-layout-constrained\">\n<h3 class=\"wp-block-heading has-text-align-left has-custom-dark-navy-color has-text-color\" style=\"margin-top:0.5rem;margin-bottom:1.01rem;font-style:normal;font-weight:500;letter-spacing:0px;line-height:1.3;text-transform:capitalize\">Consultor\u00eda de Marketing Digital<\/h3>\n\n\n\n<p class=\"has-text-align-left has-custom-soft-black-color has-text-color has-medium-font-size\" style=\"margin-top:0rem;font-style:normal;font-weight:400;line-height:1.6\">Nuestros servicios de consultor\u00eda ofrecen asesoramiento personalizado para ayudarte a navegar el mundo digital. Evaluamos tus estrategias de marketing actuales y te brindamos recomendaciones a medida para mejorar tu presencia online. Con nuestra experiencia, te ayudaremos a tomar decisiones informadas que impulsen el crecimiento y el \u00e9xito de tu negocio.  <\/p>\n<\/div>\n<\/div>\n<\/div>\n<\/div>\n\n\n\n<div class=\"wp-block-buttons is-content-justification-center is-layout-flex wp-container-core-buttons-is-layout-1804d81a wp-block-buttons-is-layout-flex\" style=\"padding-top:var(--wp--preset--spacing--80);padding-right:0;padding-bottom:var(--wp--preset--spacing--50)\">\n<div class=\"wp-block-button has-custom-font-size is-style-outline is-style-outline--1\" style=\"font-size:clamp(1.146rem, 1.146rem + ((1vw - 0.2rem) * 1.189), 1.8rem);font-style:normal;font-weight:400;line-height:1;text-transform:capitalize\"><a class=\"wp-block-button__link has-custom-soft-black-color has-custom-vibrant-yellow-background-color has-text-color has-background wp-element-button\" href=\"https:\/\/adrunna.com\/es\/contactanos\/\" style=\"border-style:none;border-width:0px;border-radius:1rem;padding-top:var(--wp--preset--spacing--60);padding-right:0.81rem;padding-bottom:var(--wp--preset--spacing--60);padding-left:0.81rem\">Presiona el bot\u00f3n<\/a><\/div>\n<\/div>\n<\/section>\n\n<div class=\"wp-block-group alignfull has-custom-soft-white-background-color has-background has-global-padding is-layout-constrained wp-container-core-group-is-layout-301802fe wp-block-group-is-layout-constrained\" style=\"margin-top:0;margin-bottom:0;padding-top:100px;padding-bottom:100px\">\n<div class=\"wp-block-group is-vertical is-content-justification-center is-layout-flex wp-container-core-group-is-layout-a09d0e74 wp-block-group-is-layout-flex\" style=\"padding-right:var(--wp--preset--spacing--60);padding-left:var(--wp--preset--spacing--60)\">\n<p class=\"has-text-align-center\">Lo entendemos: cada negocio es \u00fanico y tus necesidades de marketing pueden ser muy diferentes a las de la empresa de al lado. Por eso, nos gusta mantener la flexibilidad. Ya seas una startup que est\u00e1 comenzando con la publicidad online o una gran empresa con objetivos ambiciosos y un gran presupuesto de marketing, tenemos algo para ti.  <\/p>\n<\/div>\n\n\n\n<p class=\"has-text-align-center\">Ofrecemos opciones asequibles para negocios con presupuestos publicitarios m\u00e1s peque\u00f1os y soluciones personalizadas para quienes quieren ir a lo grande. No importa en qu\u00e9 punto te encuentres en tu camino, trabajaremos contigo para crear un plan que se ajuste a tus necesidades a la perfecci\u00f3n. <\/p>\n\n\n\n<div class=\"wp-block-group alignfull has-custom-soft-white-background-color has-background has-global-padding is-layout-constrained wp-container-core-group-is-layout-c67df9a5 wp-block-group-is-layout-constrained\" style=\"padding-top:30px\">\n<div class=\"wp-block-columns is-layout-flex wp-container-core-columns-is-layout-ceb339ea wp-block-columns-is-layout-flex\" style=\"padding-top:var(--wp--preset--spacing--60)\">\n<div class=\"wp-block-column has-border-color has-background is-layout-flow wp-container-core-column-is-layout-f2ee1708 wp-block-column-is-layout-flow\" style=\"border-color:#abb8c3;border-width:1px;border-radius:20px;background-color:#ffc6421f;padding-top:50px;padding-right:30px;padding-bottom:50px;padding-left:30px\">\n<h4 class=\"wp-block-heading has-text-align-center has-text-color\" style=\"color:#000000\"><strong>Paquete Inicial<\/strong><\/h4>\n\n\n\n<p class=\"has-text-align-center has-text-color has-josefin-sans-font-family\" style=\"color:#000000;padding-top:30px;padding-bottom:30px;font-style:normal;font-weight:400\">\u00bfListo para empezar peque\u00f1o pero con fuerza? El Paquete Inicial te ofrece <strong>SEA con hasta dos campa\u00f1as<\/strong>, manteniendo todo enfocado y efectivo. Es una excelente opci\u00f3n si est\u00e1s comenzando y quieres ver resultados sin un gran compromiso financiero ni vaciar la hucha.  <\/p>\n\n\n\n<p class=\"has-text-align-center has-custom-soft-black-color has-text-color has-josefin-sans-font-family\" style=\"padding-top:0;padding-bottom:var(--wp--preset--spacing--50);font-size:clamp(1.25rem, 1.25rem + ((1vw - 0.2rem) * 1.364), 2rem);font-style:normal;font-weight:400\">\u20ac159\/mes<\/p>\n\n\n\n<p class=\"has-text-align-center has-medium-font-size\" style=\"padding-bottom:var(--wp--preset--spacing--60)\">+ 10% del presupuesto de anuncios<\/p>\n\n\n\n<div class=\"wp-block-buttons is-content-justification-center is-layout-flex wp-container-core-buttons-is-layout-35aeb447 wp-block-buttons-is-layout-flex\">\n<div class=\"wp-block-button has-custom-width wp-block-button__width-100 has-custom-font-size is-style-outline is-style-outline--2\" style=\"font-size:clamp(1.146rem, 1.146rem + ((1vw - 0.2rem) * 1.189), 1.8rem);font-style:normal;font-weight:400;line-height:1;text-transform:capitalize\"><a class=\"wp-block-button__link has-custom-soft-black-color has-custom-vibrant-yellow-background-color has-text-color has-background wp-element-button\" href=\"https:\/\/adrunna.com\/es\/contactanos\/\" style=\"border-style:none;border-width:0px;border-radius:1rem;padding-top:var(--wp--preset--spacing--60);padding-right:0.81rem;padding-bottom:var(--wp--preset--spacing--60);padding-left:0.81rem\">Unirte<\/a><\/div>\n<\/div>\n<\/div>\n\n\n\n<div class=\"wp-block-column has-border-color has-background is-layout-flow wp-container-core-column-is-layout-f2ee1708 wp-block-column-is-layout-flow\" style=\"border-color:#abb8c3;border-width:1px;border-radius:20px;background-color:#f2645721;padding-top:50px;padding-right:30px;padding-bottom:50px;padding-left:30px\">\n<h4 class=\"wp-block-heading has-text-align-center has-text-color\" style=\"color:#000000\"><strong>Paquete de Crecimiento<\/strong><\/h4>\n\n\n\n<p class=\"has-text-align-center has-text-color has-josefin-sans-font-family\" style=\"color:#000000;padding-top:30px;padding-bottom:30px;font-style:normal;font-weight:400\">\u00bfTienes metas m\u00e1s grandes? Con el Paquete de Crecimiento, puedes elegir entre <strong>dos canales con hasta dos campa\u00f1as cada uno<\/strong> o centrarte en <strong>un solo canal con hasta cinco campa\u00f1as<\/strong>. Esta opci\u00f3n es ideal para empresas listas para ampliar su alcance y llevar las cosas al siguiente nivel.  <\/p>\n\n\n\n<p class=\"has-text-align-center has-custom-soft-black-color has-text-color has-josefin-sans-font-family\" style=\"padding-top:0;padding-bottom:var(--wp--preset--spacing--50);font-size:clamp(1.25rem, 1.25rem + ((1vw - 0.2rem) * 1.364), 2rem);font-style:normal;font-weight:400\">\u20ac259\/mes<\/p>\n\n\n\n<p class=\"has-text-align-center has-medium-font-size\" style=\"padding-bottom:var(--wp--preset--spacing--60)\">+ 10% del presupuesto de anuncios<\/p>\n\n\n\n<div class=\"wp-block-buttons is-content-justification-center is-layout-flex wp-container-core-buttons-is-layout-35aeb447 wp-block-buttons-is-layout-flex\">\n<div class=\"wp-block-button has-custom-width wp-block-button__width-100 has-custom-font-size is-style-outline is-style-outline--3\" style=\"font-size:clamp(1.146rem, 1.146rem + ((1vw - 0.2rem) * 1.189), 1.8rem);font-style:normal;font-weight:400;line-height:1;text-transform:capitalize\"><a class=\"wp-block-button__link has-custom-soft-black-color has-custom-vibrant-yellow-background-color has-text-color has-background wp-element-button\" href=\"https:\/\/adrunna.com\/es\/contactanos\/\" style=\"border-style:none;border-width:0px;border-radius:1rem;padding-top:var(--wp--preset--spacing--60);padding-right:0.81rem;padding-bottom:var(--wp--preset--spacing--60);padding-left:0.81rem\">Expande<\/a><\/div>\n<\/div>\n<\/div>\n\n\n\n<div class=\"wp-block-column has-border-color has-background is-layout-flow wp-container-core-column-is-layout-f2ee1708 wp-block-column-is-layout-flow\" style=\"border-color:#abb8c3;border-width:1px;border-radius:20px;background-color:#ffc6421f;padding-top:50px;padding-right:30px;padding-bottom:50px;padding-left:30px\">\n<h4 class=\"wp-block-heading has-text-align-center has-text-color\" style=\"color:#000000\"><strong>Paquete Empresarial<\/strong><\/h4>\n\n\n\n<p class=\"has-text-align-center has-text-color has-josefin-sans-font-family\" style=\"color:#000000;padding-top:30px;padding-bottom:30px;font-style:normal;font-weight:400\">Aqu\u00ed, todo es posible\u2014en serio. Ya sea una <strong>estrategia multicanal<\/strong>, <strong>campa\u00f1as personalizadas<\/strong>, o una <strong>transformaci\u00f3n completa del marketing<\/strong>, lo haremos realidad. Con el Paquete Empresarial, no hay l\u00edmites. \u00a1Hablemos y veamos c\u00f3mo podemos hacer realidad tu visi\u00f3n!   <\/p>\n\n\n\n<p class=\"has-text-align-center has-custom-soft-black-color has-text-color has-josefin-sans-font-family\" style=\"padding-top:0;padding-bottom:var(--wp--preset--spacing--50);font-size:clamp(1.25rem, 1.25rem + ((1vw - 0.2rem) * 1.364), 2rem);font-style:normal;font-weight:400\">Cont\u00e1ctanos<\/p>\n\n\n\n<p class=\"has-text-align-center has-medium-font-size\" style=\"padding-bottom:var(--wp--preset--spacing--60)\">Haz que tu jefe se sienta orgulloso<\/p>\n\n\n\n<div class=\"wp-block-buttons is-content-justification-center is-layout-flex wp-container-core-buttons-is-layout-35aeb447 wp-block-buttons-is-layout-flex\">\n<div class=\"wp-block-button has-custom-width wp-block-button__width-100 has-custom-font-size is-style-outline is-style-outline--4\" style=\"font-size:clamp(1.146rem, 1.146rem + ((1vw - 0.2rem) * 1.189), 1.8rem);font-style:normal;font-weight:400;line-height:1;text-transform:capitalize\"><a class=\"wp-block-button__link has-custom-soft-black-color has-custom-vibrant-yellow-background-color has-text-color has-background wp-element-button\" href=\"https:\/\/adrunna.com\/es\/contactanos\/\" style=\"border-style:none;border-width:0px;border-radius:1rem;padding-top:var(--wp--preset--spacing--60);padding-right:0.81rem;padding-bottom:var(--wp--preset--spacing--60);padding-left:0.81rem\">Domina<\/a><\/div>\n<\/div>\n<\/div>\n<\/div>\n<\/div>\n<\/div>\n\n<section class=\"wp-block-cover alignfull\" style=\"margin-top:0px;padding-bottom:13.51rem;min-height:620px;aspect-ratio:unset;\"><span aria-hidden=\"true\" class=\"wp-block-cover__background has-custom-dark-navy-background-color has-background-dim-90 has-background-dim\"><\/span><img loading=\"lazy\" decoding=\"async\" width=\"1140\" height=\"760\" class=\"wp-block-cover__image-background wp-image-1062\" alt=\"\" src=\"https:\/\/adrunna.com\/wp-content\/uploads\/2024\/11\/adrunna-get-in-touch-image-digital-marketing.webp\" data-object-fit=\"cover\" srcset=\"https:\/\/adrunna.com\/wp-content\/uploads\/2024\/11\/adrunna-get-in-touch-image-digital-marketing.webp 1140w, https:\/\/adrunna.com\/wp-content\/uploads\/2024\/11\/adrunna-get-in-touch-image-digital-marketing-300x200.webp 300w, https:\/\/adrunna.com\/wp-content\/uploads\/2024\/11\/adrunna-get-in-touch-image-digital-marketing-1024x683.webp 1024w, https:\/\/adrunna.com\/wp-content\/uploads\/2024\/11\/adrunna-get-in-touch-image-digital-marketing-768x512.webp 768w\" sizes=\"auto, (max-width: 1140px) 100vw, 1140px\" \/><div class=\"wp-block-cover__inner-container has-global-padding is-layout-constrained wp-container-core-cover-is-layout-14880c13 wp-block-cover-is-layout-constrained\">\n<div class=\"wp-block-group alignfull has-text-color has-global-padding is-layout-constrained wp-container-core-group-is-layout-7257d2cc wp-block-group-is-layout-constrained\" style=\"color:#252525;margin-top:10rem;margin-bottom:0;padding-top:0rem;padding-right:1rem;padding-bottom:0rem;padding-left:1rem;font-size:clamp(0.875rem, 0.875rem + ((1vw - 0.2rem) * 0.464), 1.13rem);font-style:normal;font-weight:400;line-height:1.4\">\n<div class=\"wp-block-group is-vertical is-content-justification-center is-layout-flex wp-container-core-group-is-layout-b6c1f246 wp-block-group-is-layout-flex\">\n<div class=\"wp-block-group has-global-padding is-content-justification-center is-layout-constrained wp-container-core-group-is-layout-04084e34 wp-block-group-is-layout-constrained\">\n<h2 class=\"wp-block-heading has-text-align-center has-custom-soft-white-color has-text-color\" style=\"margin-bottom:1.11rem;margin-left:0;font-style:normal;font-weight:500;line-height:1.2;text-transform:capitalize\">Ponte en contacto<\/h2>\n\n\n\n<div class=\"wp-block-group is-vertical is-content-justification-center is-layout-flex wp-container-core-group-is-layout-e203876c wp-block-group-is-layout-flex\" style=\"margin-top:0rem;padding-right:0px;padding-left:0px\">\n<div class=\"wp-block-group is-layout-flow wp-block-group-is-layout-flow\" style=\"margin-top:0px\">\n<div class=\"wp-block-buttons is-horizontal is-content-justification-right is-layout-flex wp-container-core-buttons-is-layout-1b0e492f wp-block-buttons-is-layout-flex\" style=\"margin-top:2.21rem\">\n<div class=\"wp-block-button has-custom-width wp-block-button__width-100 has-custom-font-size is-style-outline is-style-outline--5\" style=\"font-size:clamp(1.146rem, 1.146rem + ((1vw - 0.2rem) * 1.189), 1.8rem);font-style:normal;font-weight:400;line-height:1;text-transform:capitalize\"><a class=\"wp-block-button__link has-custom-soft-black-color has-custom-vibrant-yellow-background-color has-text-color has-background wp-element-button\" href=\"https:\/\/adrunna.com\/es\/contactanos\/\" style=\"border-style:none;border-width:0px;border-radius:1rem;padding-top:var(--wp--preset--spacing--60);padding-right:0.81rem;padding-bottom:var(--wp--preset--spacing--60);padding-left:0.81rem\">Obt\u00e9n tu consulta gratuita<\/a><\/div>\n<\/div>\n<\/div>\n<\/div>\n<\/div>\n<\/div>\n<\/div>\n<\/div><\/section>\n","protected":false},"excerpt":{"rendered":"<p>Publicidad en Buscadores Nuestro servicio de Publicidad en Buscadores est\u00e1 dise\u00f1ado para empresas de todos los tama\u00f1os. Creamos campa\u00f1as personalizadas que llegan a tus clientes ideales, asegurando que cada anuncio sea efectivo. Con nuestro enfoque basado en datos, maximizamos tu visibilidad y dirigimos tr\u00e1fico a tu sitio web, ayud\u00e1ndote a crecer y a lograr resultados [&hellip;]<\/p>\n","protected":false},"author":2,"featured_media":0,"parent":0,"menu_order":0,"comment_status":"closed","ping_status":"closed","template":"","meta":{"footnotes":""},"class_list":["post-1371","page","type-page","status-publish","hentry"],"aioseo_notices":[],"_links":{"self":[{"href":"https:\/\/adrunna.com\/es\/wp-json\/wp\/v2\/pages\/1371","targetHints":{"allow":["GET"]}}],"collection":[{"href":"https:\/\/adrunna.com\/es\/wp-json\/wp\/v2\/pages"}],"about":[{"href":"https:\/\/adrunna.com\/es\/wp-json\/wp\/v2\/types\/page"}],"author":[{"embeddable":true,"href":"https:\/\/adrunna.com\/es\/wp-json\/wp\/v2\/users\/2"}],"replies":[{"embeddable":true,"href":"https:\/\/adrunna.com\/es\/wp-json\/wp\/v2\/comments?post=1371"}],"version-history":[{"count":3,"href":"https:\/\/adrunna.com\/es\/wp-json\/wp\/v2\/pages\/1371\/revisions"}],"predecessor-version":[{"id":1374,"href":"https:\/\/adrunna.com\/es\/wp-json\/wp\/v2\/pages\/1371\/revisions\/1374"}],"wp:attachment":[{"href":"https:\/\/adrunna.com\/es\/wp-json\/wp\/v2\/media?parent=1371"}],"curies":[{"name":"wp","href":"https:\/\/api.w.org\/{rel}","templated":true}]}}